{"id":2078,"date":"2026-04-27T05:32:25","date_gmt":"2026-04-27T05:32:25","guid":{"rendered":"https:\/\/bionmed.de\/?page_id=2078"},"modified":"2026-05-04T18:28:34","modified_gmt":"2026-05-04T18:28:34","slug":"impressum-2","status":"publish","type":"page","link":"https:\/\/bionmed.de\/en\/impressum-2","title":{"rendered":"Impressum"},"content":{"rendered":"\t\t<div data-elementor-type=\"wp-page\" data-elementor-id=\"2078\" class=\"elementor elementor-2078\" data-elementor-post-type=\"page\">\n\t\t\t\t\t\t<section class=\"elementor-section elementor-top-section elementor-element elementor-element-81084b0 elementor-section-boxed elementor-section-height-default elementor-section-height-default\" data-id=\"81084b0\" data-element_type=\"section\" data-e-type=\"section\">\n\t\t\t\t\t\t<div class=\"elementor-container elementor-column-gap-default\">\n\t\t\t\t\t<div class=\"elementor-column elementor-col-100 elementor-top-column elementor-element elementor-element-ba5e5c7\" data-id=\"ba5e5c7\" data-element_type=\"column\" data-e-type=\"column\">\n\t\t\t<div class=\"elementor-widget-wrap elementor-element-populated\">\n\t\t\t\t\t\t<div class=\"elementor-element elementor-element-2bce89f elementor-widget elementor-widget-heading\" data-id=\"2bce89f\" data-element_type=\"widget\" data-e-type=\"widget\" data-widget_type=\"heading.default\">\n\t\t\t\t<div class=\"elementor-widget-container\">\n\t\t\t\t\t<h2 class=\"elementor-heading-title elementor-size-default\">Impressum<\/h2>\t\t\t\t<\/div>\n\t\t\t\t<\/div>\n\t\t\t\t<div class=\"elementor-element elementor-element-a5b32ef elementor-widget elementor-widget-heading\" data-id=\"a5b32ef\" data-element_type=\"widget\" data-e-type=\"widget\" data-widget_type=\"heading.default\">\n\t\t\t\t<div class=\"elementor-widget-container\">\n\t\t\t\t\t<h2 class=\"elementor-heading-title elementor-size-default\">Bionmed Technologies GmbH<\/h2>\t\t\t\t<\/div>\n\t\t\t\t<\/div>\n\t\t\t\t\t<\/div>\n\t\t<\/div>\n\t\t\t\t\t<\/div>\n\t\t<\/section>\n\t\t\t\t<section class=\"elementor-section elementor-top-section elementor-element elementor-element-bc920d4 custom-gap-30 elementor-section-boxed elementor-section-height-default elementor-section-height-default\" data-id=\"bc920d4\" data-element_type=\"section\" data-e-type=\"section\">\n\t\t\t\t\t\t<div class=\"elementor-container elementor-column-gap-default\">\n\t\t\t\t\t<div class=\"elementor-column elementor-col-33 elementor-top-column elementor-element elementor-element-29594b7\" data-id=\"29594b7\" data-element_type=\"column\" data-e-type=\"column\">\n\t\t\t<div class=\"elementor-widget-wrap elementor-element-populated\">\n\t\t\t\t\t\t<section class=\"elementor-section elementor-inner-section elementor-element elementor-element-3427d85 elementor-section-height-min-height box-390 elementor-section-boxed elementor-section-height-default\" data-id=\"3427d85\" data-element_type=\"section\" data-e-type=\"section\" data-settings=\"{&quot;background_background&quot;:&quot;classic&quot;}\">\n\t\t\t\t\t\t<div class=\"elementor-container elementor-column-gap-default\">\n\t\t\t\t\t<div class=\"elementor-column elementor-col-100 elementor-inner-column elementor-element elementor-element-4ffc1ec\" data-id=\"4ffc1ec\" data-element_type=\"column\" data-e-type=\"column\">\n\t\t\t<div class=\"elementor-widget-wrap elementor-element-populated\">\n\t\t\t\t\t\t<div class=\"elementor-element elementor-element-073b982 elementor-view-default elementor-widget elementor-widget-icon\" data-id=\"073b982\" data-element_type=\"widget\" data-e-type=\"widget\" data-widget_type=\"icon.default\">\n\t\t\t\t<div class=\"elementor-widget-container\">\n\t\t\t\t\t\t\t<div class=\"elementor-icon-wrapper\">\n\t\t\t<div class=\"elementor-icon\">\n\t\t\t<svg xmlns=\"http:\/\/www.w3.org\/2000\/svg\" width=\"60\" height=\"60\" viewBox=\"0 0 60 60\" fill=\"none\"><rect width=\"60\" height=\"60\" rx=\"10\" fill=\"white\"><\/rect><path d=\"M29.875 15C23.8693 15 19 19.8693 19 25.875C19 28.2399 19.7753 30.4099 21.064 32.187C21.0871 32.2296 21.0907 32.2772 21.117 32.318L28.367 43.193C28.7032 43.6973 29.2696 44 29.875 44C30.4804 44 31.0468 43.6973 31.383 43.193L38.633 32.318C38.6597 32.2772 38.6629 32.2296 38.686 32.187C39.9747 30.4099 40.75 28.2399 40.75 25.875C40.75 19.8693 35.8807 15 29.875 15ZM29.875 29.5C27.8731 29.5 26.25 27.8769 26.25 25.875C26.25 23.8731 27.8731 22.25 29.875 22.25C31.8769 22.25 33.5 23.8731 33.5 25.875C33.5 27.8769 31.8769 29.5 29.875 29.5Z\" fill=\"#005EA9\"><\/path><\/svg>\t\t\t<\/div>\n\t\t<\/div>\n\t\t\t\t\t\t<\/div>\n\t\t\t\t<\/div>\n\t\t\t\t<div class=\"elementor-element elementor-element-976f020 elementor-widget elementor-widget-text-editor\" data-id=\"976f020\" data-element_type=\"widget\" data-e-type=\"widget\" data-widget_type=\"text-editor.default\">\n\t\t\t\t<div class=\"elementor-widget-container\">\n\t\t\t\t\t\t\t\t\tScience Park 2<br>\nSaarland University<br>\u202866123 Saarbr\u00fccken, Germany\t\t\t\t\t\t\t\t<\/div>\n\t\t\t\t<\/div>\n\t\t\t\t\t<\/div>\n\t\t<\/div>\n\t\t\t\t\t<\/div>\n\t\t<\/section>\n\t\t\t\t<section class=\"elementor-section elementor-inner-section elementor-element elementor-element-e58da45 elementor-section-height-min-height box-390 elementor-section-boxed elementor-section-height-default\" data-id=\"e58da45\" data-element_type=\"section\" data-e-type=\"section\" data-settings=\"{&quot;background_background&quot;:&quot;classic&quot;}\">\n\t\t\t\t\t\t<div class=\"elementor-container elementor-column-gap-default\">\n\t\t\t\t\t<div class=\"elementor-column elementor-col-100 elementor-inner-column elementor-element elementor-element-91020d2\" data-id=\"91020d2\" data-element_type=\"column\" data-e-type=\"column\">\n\t\t\t<div class=\"elementor-widget-wrap elementor-element-populated\">\n\t\t\t\t\t\t<div class=\"elementor-element elementor-element-c593360 elementor-view-default elementor-widget elementor-widget-icon\" data-id=\"c593360\" data-element_type=\"widget\" data-e-type=\"widget\" data-widget_type=\"icon.default\">\n\t\t\t\t<div class=\"elementor-widget-container\">\n\t\t\t\t\t\t\t<div class=\"elementor-icon-wrapper\">\n\t\t\t<div class=\"elementor-icon\">\n\t\t\t<svg xmlns=\"http:\/\/www.w3.org\/2000\/svg\" width=\"60\" height=\"60\" viewBox=\"0 0 60 60\" fill=\"none\"><rect width=\"60\" height=\"60\" rx=\"10\" fill=\"white\"><\/rect><path d=\"M43.5 24H36V16.5C36 16.1022 35.842 15.7206 35.5607 15.4393C35.2794 15.158 34.8978 15 34.5 15H25.5C25.1022 15 24.7206 15.158 24.4393 15.4393C24.158 15.7206 24 16.1022 24 16.5V24H16.5C16.1022 24 15.7206 24.158 15.4393 24.4393C15.158 24.7206 15 25.1022 15 25.5V45H28.5V40.5C28.5 40.1022 28.658 39.7206 28.9393 39.4393C29.2206 39.158 29.6022 39 30 39C30.3978 39 30.7794 39.158 31.0607 39.4393C31.342 39.7206 31.5 40.1022 31.5 40.5V45H45V25.5C45 25.1022 44.842 24.7206 44.5607 24.4393C44.2794 24.158 43.8978 24 43.5 24ZM21 42H18V39H21V42ZM21 36H18V33H21V36ZM21 30H18V27H21V30ZM31.5 34.5H28.5V31.5H31.5V34.5ZM31.5 28.5H28.5V25.5H31.5V28.5ZM31.5 22.5H28.5V19.5H31.5V22.5ZM42 42H39V39H42V42ZM42 36H39V33H42V36ZM42 30H39V27H42V30Z\" fill=\"#005EA9\"><\/path><\/svg>\t\t\t<\/div>\n\t\t<\/div>\n\t\t\t\t\t\t<\/div>\n\t\t\t\t<\/div>\n\t\t\t\t<div class=\"elementor-element elementor-element-c5eb8f6 elementor-widget elementor-widget-text-editor\" data-id=\"c5eb8f6\" data-element_type=\"widget\" data-e-type=\"widget\" data-widget_type=\"text-editor.default\">\n\t\t\t\t<div class=\"elementor-widget-container\">\n\t\t\t\t\t\t\t\t\t<p>Registered office<\/p>\t\t\t\t\t\t\t\t<\/div>\n\t\t\t\t<\/div>\n\t\t\t\t<div class=\"elementor-element elementor-element-27df3d0 elementor-widget elementor-widget-text-editor\" data-id=\"27df3d0\" data-element_type=\"widget\" data-e-type=\"widget\" data-widget_type=\"text-editor.default\">\n\t\t\t\t<div class=\"elementor-widget-container\">\n\t\t\t\t\t\t\t\t\t<p>Saarbr\u00fccken, Deutschland<\/p>\t\t\t\t\t\t\t\t<\/div>\n\t\t\t\t<\/div>\n\t\t\t\t\t<\/div>\n\t\t<\/div>\n\t\t\t\t\t<\/div>\n\t\t<\/section>\n\t\t\t\t\t<\/div>\n\t\t<\/div>\n\t\t\t\t<div class=\"elementor-column elementor-col-33 elementor-top-column elementor-element elementor-element-7698838\" data-id=\"7698838\" data-element_type=\"column\" data-e-type=\"column\">\n\t\t\t<div class=\"elementor-widget-wrap elementor-element-populated\">\n\t\t\t\t\t\t<section class=\"elementor-section elementor-inner-section elementor-element elementor-element-5c8aa66 elementor-section-height-min-height box-390 elementor-section-boxed elementor-section-height-default\" data-id=\"5c8aa66\" data-element_type=\"section\" data-e-type=\"section\" data-settings=\"{&quot;background_background&quot;:&quot;classic&quot;}\">\n\t\t\t\t\t\t<div class=\"elementor-container elementor-column-gap-default\">\n\t\t\t\t\t<div class=\"elementor-column elementor-col-100 elementor-inner-column elementor-element elementor-element-0eff55c\" data-id=\"0eff55c\" data-element_type=\"column\" data-e-type=\"column\">\n\t\t\t<div class=\"elementor-widget-wrap elementor-element-populated\">\n\t\t\t\t\t\t<div class=\"elementor-element elementor-element-dfc39aa elementor-view-default elementor-widget elementor-widget-icon\" data-id=\"dfc39aa\" data-element_type=\"widget\" data-e-type=\"widget\" data-widget_type=\"icon.default\">\n\t\t\t\t<div class=\"elementor-widget-container\">\n\t\t\t\t\t\t\t<div class=\"elementor-icon-wrapper\">\n\t\t\t<div class=\"elementor-icon\">\n\t\t\t<svg xmlns=\"http:\/\/www.w3.org\/2000\/svg\" width=\"60\" height=\"60\" viewBox=\"0 0 60 60\" fill=\"none\"><rect width=\"60\" height=\"60\" rx=\"10\" fill=\"white\"><\/rect><path d=\"M41.1213 36.5418C37.4485 35.1431 35.2517 33.71 35.2517 33.71L32.4285 42.6517L32.0423 43.8616L30.7723 40.2747C33.6813 36.2157 30.5492 36.027 30.0086 36.0184H30H29.9914H29.9828H29.9743C29.4336 36.0184 26.3015 36.2157 29.2105 40.2747L27.9491 43.8616L27.5629 42.6517L24.7397 33.71C24.7397 33.71 22.5429 35.1431 18.8701 36.5418C14.8284 38.0092 15.0772 41.3387 15 47.5687H29.2449H30.0172H45C44.9142 41.3387 45.163 38.0092 41.1213 36.5418Z\" fill=\"#005EA9\"><\/path><path d=\"M23.6414 28.0292C23.9675 30.1316 25.5808 32.8004 28.2496 33.7443C29.3394 34.1305 30.5408 34.1305 31.6306 33.7358C34.2564 32.7918 35.9298 30.1316 36.2473 28.0292C36.5991 28.0035 37.0625 27.5058 37.5602 25.738C38.2467 23.3181 37.5173 22.9663 36.8995 23.0264C37.0196 22.6917 37.1054 22.3656 37.1655 22.031C38.2124 15.7752 35.1317 15.5607 35.1317 15.5607C35.1317 15.5607 34.6254 14.5824 33.2782 13.8359C32.3771 13.3038 31.1243 12.8834 29.4681 13.0292C28.9361 13.055 28.4298 13.158 27.9492 13.321C27.34 13.5269 26.7822 13.8273 26.2759 14.1791C25.658 14.5739 25.0745 15.0544 24.5596 15.6036C23.7444 16.436 23.015 17.5172 22.6975 18.8645C22.4315 19.8685 22.4916 20.9154 22.7147 22.0481C22.7747 22.3742 22.8606 22.7089 22.9807 23.0435C22.3628 22.9835 21.642 23.3439 22.3199 25.7552C22.8176 27.5058 23.281 28.0035 23.6414 28.0292Z\" fill=\"#005EA9\"><\/path><\/svg>\t\t\t<\/div>\n\t\t<\/div>\n\t\t\t\t\t\t<\/div>\n\t\t\t\t<\/div>\n\t\t\t\t<div class=\"elementor-element elementor-element-ad535a5 elementor-widget elementor-widget-text-editor\" data-id=\"ad535a5\" data-element_type=\"widget\" data-e-type=\"widget\" data-widget_type=\"text-editor.default\">\n\t\t\t\t<div class=\"elementor-widget-container\">\n\t\t\t\t\t\t\t\t\t<p>CEO<\/p>\t\t\t\t\t\t\t\t<\/div>\n\t\t\t\t<\/div>\n\t\t\t\t<div class=\"elementor-element elementor-element-71f18cf elementor-widget elementor-widget-text-editor\" data-id=\"71f18cf\" data-element_type=\"widget\" data-e-type=\"widget\" data-widget_type=\"text-editor.default\">\n\t\t\t\t<div class=\"elementor-widget-container\">\n\t\t\t\t\t\t\t\t\t<p>Thomas Warnke M.A.<\/p>\t\t\t\t\t\t\t\t<\/div>\n\t\t\t\t<\/div>\n\t\t\t\t\t<\/div>\n\t\t<\/div>\n\t\t\t\t\t<\/div>\n\t\t<\/section>\n\t\t\t\t<section class=\"elementor-section elementor-inner-section elementor-element elementor-element-1be3abc elementor-section-height-min-height box-390 elementor-section-boxed elementor-section-height-default\" data-id=\"1be3abc\" data-element_type=\"section\" data-e-type=\"section\" data-settings=\"{&quot;background_background&quot;:&quot;classic&quot;}\">\n\t\t\t\t\t\t<div class=\"elementor-container elementor-column-gap-default\">\n\t\t\t\t\t<div class=\"elementor-column elementor-col-100 elementor-inner-column elementor-element elementor-element-bba0f9f\" data-id=\"bba0f9f\" data-element_type=\"column\" data-e-type=\"column\">\n\t\t\t<div class=\"elementor-widget-wrap elementor-element-populated\">\n\t\t\t\t\t\t<div class=\"elementor-element elementor-element-3e63f9e elementor-view-default elementor-widget elementor-widget-icon\" data-id=\"3e63f9e\" data-element_type=\"widget\" data-e-type=\"widget\" data-widget_type=\"icon.default\">\n\t\t\t\t<div class=\"elementor-widget-container\">\n\t\t\t\t\t\t\t<div class=\"elementor-icon-wrapper\">\n\t\t\t<div class=\"elementor-icon\">\n\t\t\t<svg xmlns=\"http:\/\/www.w3.org\/2000\/svg\" width=\"60\" height=\"60\" viewBox=\"0 0 60 60\" fill=\"none\"><rect width=\"60\" height=\"60\" rx=\"10\" fill=\"white\"><\/rect><path d=\"M45 26.2308H15C15.2033 23.0395 15.9854 19.9116 17.3077 17H42.6923C44.0148 19.9116 44.7967 23.0395 45 26.2308ZM19.6154 28.5385H40.3846V42.3846H38.0769V30.8462H31.1538V42.3846H19.6154V28.5385ZM21.9231 35.4615H28.8462V30.8462H21.9231V35.4615Z\" fill=\"#005EA9\"><\/path><\/svg>\t\t\t<\/div>\n\t\t<\/div>\n\t\t\t\t\t\t<\/div>\n\t\t\t\t<\/div>\n\t\t\t\t<div class=\"elementor-element elementor-element-0c39732 elementor-widget elementor-widget-text-editor\" data-id=\"0c39732\" data-element_type=\"widget\" data-e-type=\"widget\" data-widget_type=\"text-editor.default\">\n\t\t\t\t<div class=\"elementor-widget-container\">\n\t\t\t\t\t\t\t\t\t<p>Commercial register with register number<\/p>\t\t\t\t\t\t\t\t<\/div>\n\t\t\t\t<\/div>\n\t\t\t\t<div class=\"elementor-element elementor-element-0eb47ea elementor-widget elementor-widget-text-editor\" data-id=\"0eb47ea\" data-element_type=\"widget\" data-e-type=\"widget\" data-widget_type=\"text-editor.default\">\n\t\t\t\t<div class=\"elementor-widget-container\">\n\t\t\t\t\t\t\t\t\t<p>Saarbr\u00fccken, HRB 10619<\/p>\t\t\t\t\t\t\t\t<\/div>\n\t\t\t\t<\/div>\n\t\t\t\t<div class=\"elementor-element elementor-element-8198773 elementor-widget elementor-widget-text-editor\" data-id=\"8198773\" data-element_type=\"widget\" data-e-type=\"widget\" data-widget_type=\"text-editor.default\">\n\t\t\t\t<div class=\"elementor-widget-container\">\n\t\t\t\t\t\t\t\t\t<p>V.A.T. Registered No:<\/p>\t\t\t\t\t\t\t\t<\/div>\n\t\t\t\t<\/div>\n\t\t\t\t<div class=\"elementor-element elementor-element-68e0dfd elementor-widget elementor-widget-text-editor\" data-id=\"68e0dfd\" data-element_type=\"widget\" data-e-type=\"widget\" data-widget_type=\"text-editor.default\">\n\t\t\t\t<div class=\"elementor-widget-container\">\n\t\t\t\t\t\t\t\t\t<p>DE175663349<\/p>\t\t\t\t\t\t\t\t<\/div>\n\t\t\t\t<\/div>\n\t\t\t\t\t<\/div>\n\t\t<\/div>\n\t\t\t\t\t<\/div>\n\t\t<\/section>\n\t\t\t\t\t<\/div>\n\t\t<\/div>\n\t\t\t\t<div class=\"elementor-column elementor-col-33 elementor-top-column elementor-element elementor-element-78c5b91\" data-id=\"78c5b91\" data-element_type=\"column\" data-e-type=\"column\" data-settings=\"{&quot;background_background&quot;:&quot;classic&quot;}\">\n\t\t\t<div class=\"elementor-widget-wrap elementor-element-populated\">\n\t\t\t\t\t\t<section class=\"elementor-section elementor-inner-section elementor-element elementor-element-2b89422 elementor-section-height-min-height box-390 elementor-section-boxed elementor-section-height-default\" data-id=\"2b89422\" data-element_type=\"section\" data-e-type=\"section\" data-settings=\"{&quot;background_background&quot;:&quot;classic&quot;}\">\n\t\t\t\t\t\t<div class=\"elementor-container elementor-column-gap-default\">\n\t\t\t\t\t<div class=\"elementor-column elementor-col-100 elementor-inner-column elementor-element elementor-element-61215a5\" data-id=\"61215a5\" data-element_type=\"column\" data-e-type=\"column\">\n\t\t\t<div class=\"elementor-widget-wrap elementor-element-populated\">\n\t\t\t\t\t\t<div class=\"elementor-element elementor-element-08e0be1 elementor-widget elementor-widget-heading\" data-id=\"08e0be1\" data-element_type=\"widget\" data-e-type=\"widget\" data-widget_type=\"heading.default\">\n\t\t\t\t<div class=\"elementor-widget-container\">\n\t\t\t\t\t<h2 class=\"elementor-heading-title elementor-size-default\">Contact<\/h2>\t\t\t\t<\/div>\n\t\t\t\t<\/div>\n\t\t\t\t<div class=\"elementor-element elementor-element-8e17ee0 elementor-icon-list--layout-traditional elementor-list-item-link-full_width elementor-widget elementor-widget-icon-list\" data-id=\"8e17ee0\" data-element_type=\"widget\" data-e-type=\"widget\" data-widget_type=\"icon-list.default\">\n\t\t\t\t<div class=\"elementor-widget-container\">\n\t\t\t\t\t\t\t<ul class=\"elementor-icon-list-items\">\n\t\t\t\t\t\t\t<li class=\"elementor-icon-list-item\">\n\t\t\t\t\t\t\t\t\t\t\t<span class=\"elementor-icon-list-icon\">\n\t\t\t\t\t\t\t<svg xmlns=\"http:\/\/www.w3.org\/2000\/svg\" width=\"19\" height=\"19\" viewBox=\"0 0 19 19\" fill=\"none\"><path d=\"M7 3.90401e-08C7.17928 -5.00497e-05 7.35528 0.0480988 7.50957 0.139406C7.66386 0.230713 7.79076 0.36182 7.877 0.519L7.928 0.629L9.928 5.629C10.0086 5.83016 10.0216 6.05204 9.96513 6.26125C9.90868 6.47045 9.78581 6.65566 9.615 6.789L9.515 6.857L7.841 7.861L7.904 7.964C8.70076 9.22899 9.77101 10.2992 11.036 11.096L11.138 11.158L12.143 9.486C12.2544 9.30008 12.4231 9.15538 12.6239 9.07368C12.8246 8.99198 13.0464 8.9777 13.256 9.033L13.371 9.072L18.371 11.072C18.5375 11.1384 18.6831 11.2484 18.7925 11.3903C18.9019 11.5323 18.9712 11.7011 18.993 11.879L19 12V16C19 17.657 17.657 19 15.94 18.998C7.361 18.477 0.522 11.638 4.66045e-09 3C-4.26217e-05 2.23479 0.292325 1.49849 0.817284 0.941739C1.34224 0.384993 2.06011 0.0498925 2.824 0.00500015L3 3.90401e-08H7Z\" fill=\"white\"><\/path><\/svg>\t\t\t\t\t\t<\/span>\n\t\t\t\t\t\t\t\t\t\t<span class=\"elementor-icon-list-text\">Tel<\/span>\n\t\t\t\t\t\t\t\t\t<\/li>\n\t\t\t\t\t\t<\/ul>\n\t\t\t\t\t\t<\/div>\n\t\t\t\t<\/div>\n\t\t\t\t<div class=\"elementor-element elementor-element-6b2f149 elementor-widget elementor-widget-heading\" data-id=\"6b2f149\" data-element_type=\"widget\" data-e-type=\"widget\" data-widget_type=\"heading.default\">\n\t\t\t\t<div class=\"elementor-widget-container\">\n\t\t\t\t\t<h2 class=\"elementor-heading-title elementor-size-default\">+49 (0)681 6851903<\/h2>\t\t\t\t<\/div>\n\t\t\t\t<\/div>\n\t\t\t\t<div class=\"elementor-element elementor-element-ad4d2ab elementor-icon-list--layout-traditional elementor-list-item-link-full_width elementor-widget elementor-widget-icon-list\" data-id=\"ad4d2ab\" data-element_type=\"widget\" data-e-type=\"widget\" data-widget_type=\"icon-list.default\">\n\t\t\t\t<div class=\"elementor-widget-container\">\n\t\t\t\t\t\t\t<ul class=\"elementor-icon-list-items\">\n\t\t\t\t\t\t\t<li class=\"elementor-icon-list-item\">\n\t\t\t\t\t\t\t\t\t\t\t<span class=\"elementor-icon-list-icon\">\n\t\t\t\t\t\t\t<svg xmlns=\"http:\/\/www.w3.org\/2000\/svg\" width=\"20\" height=\"16\" viewBox=\"0 0 20 16\" fill=\"none\"><path d=\"M20 3.535V13C20 13.7652 19.7077 14.5015 19.1827 15.0583C18.6578 15.615 17.9399 15.9501 17.176 15.995L17 16H3C2.23479 16 1.49849 15.7077 0.941739 15.1827C0.384993 14.6578 0.0498925 13.9399 0.00500011 13.176L0 13V3.535L9.445 9.832L9.561 9.898C9.69771 9.9648 9.84785 9.99952 10 9.99952C10.1522 9.99952 10.3023 9.9648 10.439 9.898L10.555 9.832L20 3.535Z\" fill=\"white\"><\/path><path d=\"M17 0C18.08 0 19.027 0.57 19.555 1.427L10 7.797L0.445007 1.427C0.695737 1.01977 1.04022 0.678401 1.44971 0.431383C1.85921 0.184364 2.32184 0.0388562 2.79901 0.00699997L3.00001 0H17Z\" fill=\"white\"><\/path><\/svg>\t\t\t\t\t\t<\/span>\n\t\t\t\t\t\t\t\t\t\t<span class=\"elementor-icon-list-text\">E-Mail<\/span>\n\t\t\t\t\t\t\t\t\t<\/li>\n\t\t\t\t\t\t<\/ul>\n\t\t\t\t\t\t<\/div>\n\t\t\t\t<\/div>\n\t\t\t\t<div class=\"elementor-element elementor-element-2f9dba4 elementor-widget elementor-widget-heading\" data-id=\"2f9dba4\" data-element_type=\"widget\" data-e-type=\"widget\" data-widget_type=\"heading.default\">\n\t\t\t\t<div class=\"elementor-widget-container\">\n\t\t\t\t\t<h2 class=\"elementor-heading-title elementor-size-default\">info@bionmed.de<\/h2>\t\t\t\t<\/div>\n\t\t\t\t<\/div>\n\t\t\t\t<div class=\"elementor-element elementor-element-895168d elementor-icon-list--layout-traditional elementor-list-item-link-full_width elementor-widget elementor-widget-icon-list\" data-id=\"895168d\" data-element_type=\"widget\" data-e-type=\"widget\" data-widget_type=\"icon-list.default\">\n\t\t\t\t<div class=\"elementor-widget-container\">\n\t\t\t\t\t\t\t<ul class=\"elementor-icon-list-items\">\n\t\t\t\t\t\t\t<li class=\"elementor-icon-list-item\">\n\t\t\t\t\t\t\t\t\t\t\t<span class=\"elementor-icon-list-icon\">\n\t\t\t\t\t\t\t<i aria-hidden=\"true\" class=\"fas fa-fax\"><\/i>\t\t\t\t\t\t<\/span>\n\t\t\t\t\t\t\t\t\t\t<span class=\"elementor-icon-list-text\">Fax<\/span>\n\t\t\t\t\t\t\t\t\t<\/li>\n\t\t\t\t\t\t<\/ul>\n\t\t\t\t\t\t<\/div>\n\t\t\t\t<\/div>\n\t\t\t\t<div class=\"elementor-element elementor-element-76b9368 elementor-widget elementor-widget-heading\" data-id=\"76b9368\" data-element_type=\"widget\" data-e-type=\"widget\" data-widget_type=\"heading.default\">\n\t\t\t\t<div class=\"elementor-widget-container\">\n\t\t\t\t\t<h2 class=\"elementor-heading-title elementor-size-default\">+49 (0) 681 6851879<\/h2>\t\t\t\t<\/div>\n\t\t\t\t<\/div>\n\t\t\t\t\t<\/div>\n\t\t<\/div>\n\t\t\t\t\t<\/div>\n\t\t<\/section>\n\t\t\t\t\t<\/div>\n\t\t<\/div>\n\t\t\t\t\t<\/div>\n\t\t<\/section>\n\t\t\t\t<section class=\"elementor-section elementor-top-section elementor-element elementor-element-3e8f966 elementor-section-boxed elementor-section-height-default elementor-section-height-default\" data-id=\"3e8f966\" data-element_type=\"section\" data-e-type=\"section\">\n\t\t\t\t\t\t<div class=\"elementor-container elementor-column-gap-default\">\n\t\t\t\t\t<div class=\"elementor-column elementor-col-100 elementor-top-column elementor-element elementor-element-d5b925b\" data-id=\"d5b925b\" data-element_type=\"column\" data-e-type=\"column\">\n\t\t\t<div class=\"elementor-widget-wrap elementor-element-populated\">\n\t\t\t\t\t\t<div class=\"elementor-element elementor-element-5bffe1d elementor-widget elementor-widget-text-editor\" data-id=\"5bffe1d\" data-element_type=\"widget\" data-e-type=\"widget\" data-widget_type=\"text-editor.default\">\n\t\t\t\t<div class=\"elementor-widget-container\">\n\t\t\t\t\t\t\t\t\tWe are neither obliged nor willing to participate in dispute resolution proceedings<br> before a consumer arbitration board.\t\t\t\t\t\t\t\t<\/div>\n\t\t\t\t<\/div>\n\t\t\t\t\t<\/div>\n\t\t<\/div>\n\t\t\t\t\t<\/div>\n\t\t<\/section>\n\t\t\t\t<\/div>\n\t\t","protected":false},"excerpt":{"rendered":"<p>Impressum Bionmed Technologies GmbH Science Park 2 Saarland University\u202866123 Saarbr\u00fccken, Germany Registered office Saarbr\u00fccken, Deutschland CEO Thomas Warnke M.A. Commercial register with register number Saarbr\u00fccken, HRB 10619 V.A.T. Registered No: DE175663349 Contact Tel +49 (0)681 6851903 E-Mail info@bionmed.de Fax +49 (0) 681 6851879 We are neither obliged nor willing to participate in dispute resolution proceedings [&hellip;]<\/p>\n","protected":false},"author":1,"featured_media":0,"parent":0,"menu_order":0,"comment_status":"closed","ping_status":"closed","template":"elementor_header_footer","meta":{"footnotes":""},"class_list":["post-2078","page","type-page","status-publish","hentry"],"_links":{"self":[{"href":"https:\/\/bionmed.de\/en\/wp-json\/wp\/v2\/pages\/2078","targetHints":{"allow":["GET"]}}],"collection":[{"href":"https:\/\/bionmed.de\/en\/wp-json\/wp\/v2\/pages"}],"about":[{"href":"https:\/\/bionmed.de\/en\/wp-json\/wp\/v2\/types\/page"}],"author":[{"embeddable":true,"href":"https:\/\/bionmed.de\/en\/wp-json\/wp\/v2\/users\/1"}],"replies":[{"embeddable":true,"href":"https:\/\/bionmed.de\/en\/wp-json\/wp\/v2\/comments?post=2078"}],"version-history":[{"count":40,"href":"https:\/\/bionmed.de\/en\/wp-json\/wp\/v2\/pages\/2078\/revisions"}],"predecessor-version":[{"id":2847,"href":"https:\/\/bionmed.de\/en\/wp-json\/wp\/v2\/pages\/2078\/revisions\/2847"}],"wp:attachment":[{"href":"https:\/\/bionmed.de\/en\/wp-json\/wp\/v2\/media?parent=2078"}],"curies":[{"name":"wp","href":"https:\/\/api.w.org\/{rel}","templated":true}]}}