{"id":2804,"date":"2026-04-26T04:13:47","date_gmt":"2026-04-26T04:13:47","guid":{"rendered":"https:\/\/bionmed.de\/ueber-uns"},"modified":"2026-05-04T17:31:08","modified_gmt":"2026-05-04T17:31:08","slug":"ueber-uns","status":"publish","type":"page","link":"https:\/\/bionmed.de\/de","title":{"rendered":"\u00dcber uns"},"content":{"rendered":"\t\t<div data-elementor-type=\"wp-page\" data-elementor-id=\"2804\" class=\"elementor elementor-2804 elementor-1969\" data-elementor-post-type=\"page\">\n\t\t\t\t\t\t<section class=\"elementor-section elementor-top-section elementor-element elementor-element-84d3746 elementor-section-full_width elementor-section-height-min-height elementor-section-height-default elementor-section-items-middle\" data-id=\"84d3746\" data-element_type=\"section\" data-e-type=\"section\" data-settings=\"{&quot;background_background&quot;:&quot;classic&quot;}\">\n\t\t\t\t\t\t<div class=\"elementor-container elementor-column-gap-default\">\n\t\t\t\t\t<div class=\"elementor-column elementor-col-100 elementor-top-column elementor-element elementor-element-d89e2e4\" data-id=\"d89e2e4\" data-element_type=\"column\" data-e-type=\"column\">\n\t\t\t<div class=\"elementor-widget-wrap\">\n\t\t\t\t\t\t\t<\/div>\n\t\t<\/div>\n\t\t\t\t\t<\/div>\n\t\t<\/section>\n\t\t\t\t<section class=\"elementor-section elementor-top-section elementor-element elementor-element-b0575b3 elementor-section-boxed elementor-section-height-default elementor-section-height-default\" data-id=\"b0575b3\" data-element_type=\"section\" data-e-type=\"section\">\n\t\t\t\t\t\t<div class=\"elementor-container elementor-column-gap-default\">\n\t\t\t\t\t<div class=\"elementor-column elementor-col-100 elementor-top-column elementor-element elementor-element-cd0a847\" data-id=\"cd0a847\" data-element_type=\"column\" data-e-type=\"column\">\n\t\t\t<div class=\"elementor-widget-wrap elementor-element-populated\">\n\t\t\t\t\t\t<div class=\"elementor-element elementor-element-906de50 elementor-widget elementor-widget-heading\" data-id=\"906de50\" data-element_type=\"widget\" data-e-type=\"widget\" data-widget_type=\"heading.default\">\n\t\t\t\t<div class=\"elementor-widget-container\">\n\t\t\t\t\t<h2 class=\"elementor-heading-title elementor-size-default\">\u00dcber uns<\/h2>\t\t\t\t<\/div>\n\t\t\t\t<\/div>\n\t\t\t\t<div class=\"elementor-element elementor-element-641b2fd elementor-widget elementor-widget-text-editor\" data-id=\"641b2fd\" data-element_type=\"widget\" data-e-type=\"widget\" data-widget_type=\"text-editor.default\">\n\t\t\t\t<div class=\"elementor-widget-container\">\n\t\t\t\t\t\t\t\t\t<p>Fortschritt ist unsere Aufgabe, die Entwicklung leistungsstarker Innovationen in der Medizintechnik unser Weg, h\u00f6chste Qualit\u00e4t unser Anspruch.<\/p>\t\t\t\t\t\t\t\t<\/div>\n\t\t\t\t<\/div>\n\t\t\t\t<div class=\"elementor-element elementor-element-039df4c custom-section elementor-widget elementor-widget-text-editor\" data-id=\"039df4c\" data-element_type=\"widget\" data-e-type=\"widget\" data-widget_type=\"text-editor.default\">\n\t\t\t\t<div class=\"elementor-widget-container\">\n\t\t\t\t\t\t\t\t\t<p>Gesundheit ist ein wertvolles Gut \u2013 und wir m\u00f6chten unseren Beitrag dazu leisten.<br>Wir haben es uns zur Aufgabe gemacht, die neuesten wissenschaftlichen Erkenntnisse in Medizin und Bionik f\u00fcr Sie und Ihre Gesundheit nutzbar zu machen.<br>Wir sind ein international t\u00e4tiges Unternehmen mit Sitz im Science Park der Universit\u00e4t des Saarlandes in Deutschland und Partnern sowohl innerhalb als auch au\u00dferhalb Europas. Dies erm\u00f6glicht es uns, Synergien zwischen Wissenschaft, Forschung, Entwicklung und Vertrieb optimal zu nutzen.<br>Seit 1995 sind wir in der Entwicklung, Herstellung und dem Vertrieb von Hightech-Produkten f\u00fcr den Gesundheitssektor t\u00e4tig. Die Produktqualit\u00e4t wird durch unser Qualit\u00e4tsmanagementsystem nach DIN EN ISO 13485 sichergestellt und von unserer \u201eBenannten Stelle\u201c f\u00fcr die klinische Anwendung gem\u00e4\u00df den europ\u00e4ischen Anforderungen an Medizinprodukte zertifiziert.<br>Unsere Medizinprodukte&nbsp;<span>SENNEX\u00ae Tumorsystem<\/span> und&nbsp;<span>SQOOM\u00ae medical<\/span> oder&nbsp;<span>SQOOM\u00ae sports<\/span> Ultraschallsystem unterst\u00fctzen geschulte Anwender in der Therapie in den Bereichen Allgemeinmedizin, Onkologie, Orthop\u00e4die, Dermatologie, Physiotherapie und Sportmedizin.<br>Wenn Sie nachweisen k\u00f6nnen, dass Sie zur medizinischen Fachgemeinschaft geh\u00f6ren, k\u00f6nnen Sie Ihren Benutzernamen und Ihr Passwort f\u00fcr den geschlossenen Bereich (Login) unter service@bionmed.de anfordern. Dort erhalten Sie Produkt- und Anwendungsinformationen, die nur autorisierten Personen zug\u00e4nglich gemacht werden d\u00fcrfen.<br>In der Veterin\u00e4rmedizin bieten wir \u00fcber unseren Partner in Schweden ein Ultraschallsystem f\u00fcr die Pferdetherapie an&nbsp;<span>SQOOM\u00ae Horse<\/span>.<br>Teilen Sie unsere Leidenschaft f\u00fcr Innovationen in Medizin und Bionik?<br>Dann m\u00f6chten wir Sie herzlich willkommen hei\u00dfen!<\/p>\t\t\t\t\t\t\t\t<\/div>\n\t\t\t\t<\/div>\n\t\t\t\t<div class=\"elementor-element elementor-element-e7354ba elementor-widget elementor-widget-heading\" data-id=\"e7354ba\" data-element_type=\"widget\" data-e-type=\"widget\" data-widget_type=\"heading.default\">\n\t\t\t\t<div class=\"elementor-widget-container\">\n\t\t\t\t\t<h2 class=\"elementor-heading-title elementor-size-default\">Ihr Thomas Warnke M.A.<\/h2>\t\t\t\t<\/div>\n\t\t\t\t<\/div>\n\t\t\t\t<div class=\"elementor-element elementor-element-048ca14 elementor-widget elementor-widget-heading\" data-id=\"048ca14\" data-element_type=\"widget\" data-e-type=\"widget\" data-widget_type=\"heading.default\">\n\t\t\t\t<div class=\"elementor-widget-container\">\n\t\t\t\t\t<h2 class=\"elementor-heading-title elementor-size-default\">Gr\u00fcnder &amp; CEO, Bionmed Technologies GmbH<\/h2>\t\t\t\t<\/div>\n\t\t\t\t<\/div>\n\t\t\t\t\t<\/div>\n\t\t<\/div>\n\t\t\t\t\t<\/div>\n\t\t<\/section>\n\t\t\t\t<section class=\"elementor-section elementor-top-section elementor-element elementor-element-8a03349 elementor-section-boxed elementor-section-height-default elementor-section-height-default\" data-id=\"8a03349\" data-element_type=\"section\" data-e-type=\"section\">\n\t\t\t\t\t\t<div class=\"elementor-container elementor-column-gap-custom\">\n\t\t\t\t\t<div class=\"elementor-column elementor-col-50 elementor-top-column elementor-element elementor-element-cd0c82c\" data-id=\"cd0c82c\" data-element_type=\"column\" data-e-type=\"column\">\n\t\t\t<div class=\"elementor-widget-wrap elementor-element-populated\">\n\t\t\t\t\t\t<section class=\"elementor-section elementor-inner-section elementor-element elementor-element-c02e376 elementor-section-height-min-height elementor-section-boxed elementor-section-height-default\" data-id=\"c02e376\" data-element_type=\"section\" data-e-type=\"section\" data-settings=\"{&quot;background_background&quot;:&quot;classic&quot;}\">\n\t\t\t\t\t\t<div class=\"elementor-container elementor-column-gap-default\">\n\t\t\t\t\t<div class=\"elementor-column elementor-col-100 elementor-inner-column elementor-element elementor-element-b39783e\" data-id=\"b39783e\" data-element_type=\"column\" data-e-type=\"column\" data-settings=\"{&quot;background_background&quot;:&quot;classic&quot;}\">\n\t\t\t<div class=\"elementor-widget-wrap elementor-element-populated\">\n\t\t\t\t\t\t<div class=\"elementor-element elementor-element-bd3d690 elementor-view-default elementor-widget elementor-widget-icon\" data-id=\"bd3d690\" data-element_type=\"widget\" data-e-type=\"widget\" data-widget_type=\"icon.default\">\n\t\t\t\t<div class=\"elementor-widget-container\">\n\t\t\t\t\t\t\t<div class=\"elementor-icon-wrapper\">\n\t\t\t<div class=\"elementor-icon\">\n\t\t\t<svg xmlns=\"http:\/\/www.w3.org\/2000\/svg\" width=\"52\" height=\"77\" viewBox=\"0 0 52 77\" fill=\"none\"><path fill-rule=\"evenodd\" clip-rule=\"evenodd\" d=\"M50.6468 63.6842H1.00126C0.445061 63.6842 0 63.2321 0 62.6829V49.3606C0 48.8114 0.445061 48.3594 1.00126 48.3594H50.6468C51.196 48.3594 51.6481 48.8114 51.6481 49.3606V62.6829C51.6481 63.2321 51.196 63.6842 50.6468 63.6842ZM2.00252 61.6746H49.6455V50.3619H2.00252V61.6746Z\" fill=\"#005EA9\"><\/path><path fill-rule=\"evenodd\" clip-rule=\"evenodd\" d=\"M50.6468 77H1.00126C0.445061 77 0 76.5479 0 75.9987V62.6764C0 62.1272 0.445061 61.6752 1.00126 61.6752H50.6468C51.196 61.6752 51.6481 62.1272 51.6481 62.6764V75.9987C51.6481 76.5549 51.196 77 50.6468 77ZM2.00252 74.9975H49.6455V63.6777H2.00252V74.9975Z\" fill=\"#005EA9\"><\/path><path fill-rule=\"evenodd\" clip-rule=\"evenodd\" d=\"M46.7599 41.2745H4.88812C2.90662 41.2745 1.29309 39.6615 1.29309 37.6795V3.59503C1.29309 1.61353 2.90612 0 4.88812 0H46.7599C48.7414 0 50.3549 1.61303 50.3549 3.59503V37.6795C50.3549 39.6615 48.7419 41.2745 46.7599 41.2745ZM4.88812 2.00302C4.00501 2.00302 3.29561 2.71943 3.29561 3.59553V37.68C3.29561 38.5631 4.01202 39.2725 4.88812 39.2725H46.7599C47.636 39.2725 48.3524 38.5561 48.3524 37.68V3.59553C48.3524 2.71242 47.636 2.00302 46.7599 2.00302H4.88812Z\" fill=\"#005EA9\"><\/path><path fill-rule=\"evenodd\" clip-rule=\"evenodd\" d=\"M30.6081 50.3619H21.6037C21.0475 50.3619 20.6025 49.9099 20.6025 49.3607V40.2732C20.6025 39.717 21.0475 39.272 21.6037 39.272H30.6081C31.1643 39.272 31.6093 39.717 31.6093 40.2732V49.3607C31.6093 49.9099 31.1573 50.3619 30.6081 50.3619ZM22.605 48.3594H29.5998V41.2745H22.605V48.3594Z\" fill=\"#005EA9\"><\/path><path fill-rule=\"evenodd\" clip-rule=\"evenodd\" d=\"M19.907 57.0233H5.40274C4.08458 57.0233 4.08458 55.0208 5.40274 55.0208H19.9C21.2192 55.0208 21.2142 57.0233 19.907 57.0233Z\" fill=\"#005EA9\"><\/path><path fill-rule=\"evenodd\" clip-rule=\"evenodd\" d=\"M40.7248 59.7972C38.6387 59.7972 36.9495 58.1006 36.9495 56.0215C36.9495 53.9354 38.6462 52.2457 40.7248 52.2457C42.8039 52.2457 44.5005 53.9424 44.5005 56.0215C44.5005 58.1006 42.8109 59.7972 40.7248 59.7972ZM40.7248 54.2488C38.3898 54.2488 38.3898 57.7947 40.7248 57.7947C43.0597 57.7947 43.0597 54.2488 40.7248 54.2488Z\" fill=\"#005EA9\"><\/path><path fill-rule=\"evenodd\" clip-rule=\"evenodd\" d=\"M29.9612 59.7972C27.8821 59.7972 26.1855 58.1006 26.1855 56.0215C26.1855 53.9354 27.8821 52.2457 29.9612 52.2457C32.0404 52.2457 33.737 53.9424 33.737 56.0215C33.737 58.1006 32.0474 59.7972 29.9612 59.7972ZM29.9612 54.2488C27.6263 54.2488 27.6263 57.7947 29.9612 57.7947C32.2962 57.7947 32.2962 54.2488 29.9612 54.2488Z\" fill=\"#005EA9\"><\/path><path fill-rule=\"evenodd\" clip-rule=\"evenodd\" d=\"M21.2768 70.3386H6.77951C5.46135 70.3386 5.46135 68.3361 6.77951 68.3361H21.2768C22.5979 68.3361 22.5904 70.3386 21.2768 70.3386Z\" fill=\"#005EA9\"><\/path><path fill-rule=\"evenodd\" clip-rule=\"evenodd\" d=\"M42.0945 73.1132C40.0154 73.1132 38.3188 71.4165 38.3188 69.3374C38.3188 67.2583 40.0154 65.5616 42.0945 65.5616C44.1807 65.5616 45.8703 67.2583 45.8703 69.3374C45.8703 71.4235 44.1807 73.1132 42.0945 73.1132ZM42.0945 67.5647C39.7596 67.5647 39.7596 71.1106 42.0945 71.1106C44.4315 71.1106 44.426 67.5647 42.0945 67.5647Z\" fill=\"#005EA9\"><\/path><path fill-rule=\"evenodd\" clip-rule=\"evenodd\" d=\"M31.3309 73.1132C29.2518 73.1132 27.5552 71.4165 27.5552 69.3374C27.5552 67.2583 29.2518 65.5616 31.3309 65.5616C33.41 65.5616 35.1067 67.2583 35.1067 69.3374C35.1067 71.4235 33.4171 73.1132 31.3309 73.1132ZM31.3309 67.5647C28.996 67.5647 28.996 71.1106 31.3309 71.1106C33.6679 71.1106 33.6624 67.5647 31.3309 67.5647Z\" fill=\"#005EA9\"><\/path><\/svg>\t\t\t<\/div>\n\t\t<\/div>\n\t\t\t\t\t\t<\/div>\n\t\t\t\t<\/div>\n\t\t\t\t\t<\/div>\n\t\t<\/div>\n\t\t\t\t\t<\/div>\n\t\t<\/section>\n\t\t\t\t<div class=\"elementor-element elementor-element-77d6367 elementor-widget elementor-widget-heading\" data-id=\"77d6367\" data-element_type=\"widget\" data-e-type=\"widget\" data-widget_type=\"heading.default\">\n\t\t\t\t<div class=\"elementor-widget-container\">\n\t\t\t\t\t<h2 class=\"elementor-heading-title elementor-size-default\">Klinische Technologie<\/h2>\t\t\t\t<\/div>\n\t\t\t\t<\/div>\n\t\t\t\t<div class=\"elementor-element elementor-element-16f7c6b elementor-widget elementor-widget-heading\" data-id=\"16f7c6b\" data-element_type=\"widget\" data-e-type=\"widget\" data-widget_type=\"heading.default\">\n\t\t\t\t<div class=\"elementor-widget-container\">\n\t\t\t\t\t<h2 class=\"elementor-heading-title elementor-size-default\">SENNEX\u00ae Tumortherapiesystem<\/h2>\t\t\t\t<\/div>\n\t\t\t\t<\/div>\n\t\t\t\t<div class=\"elementor-element elementor-element-3e8ae4d elementor-widget elementor-widget-text-editor\" data-id=\"3e8ae4d\" data-element_type=\"widget\" data-e-type=\"widget\" data-widget_type=\"text-editor.default\">\n\t\t\t\t<div class=\"elementor-widget-container\">\n\t\t\t\t\t\t\t\t\t<p>Der Zweck des SENNEX\u00ae Tumorsystems mit EPT (ElektroporationsTherapie) und ECT (ElektroChemoTherapie) besteht darin, kutane und subkutane Tumore und Metastasen in F\u00e4llen zu behandeln, in denen eine palliative Behandlung indiziert ist. Abh\u00e4ngig von ihrer Gr\u00f6\u00dfe werden die Tumore von der Hautoberfl\u00e4che aus mittels elektrischer Mikrosekundenimpulse behandelt, die durch minimalinvasive Nadelelektroden appliziert werden.<\/p>\t\t\t\t\t\t\t\t<\/div>\n\t\t\t\t<\/div>\n\t\t\t\t<div class=\"elementor-element elementor-element-e056f81 elementor-align-center elementor-mobile-align-justify elementor-widget elementor-widget-button\" data-id=\"e056f81\" data-element_type=\"widget\" data-e-type=\"widget\" data-widget_type=\"button.default\">\n\t\t\t\t<div class=\"elementor-widget-container\">\n\t\t\t\t\t\t\t\t\t<div class=\"elementor-button-wrapper\">\n\t\t\t\t\t<a class=\"elementor-button elementor-button-link elementor-size-sm\" href=\"#\">\n\t\t\t\t\t\t<span class=\"elementor-button-content-wrapper\">\n\t\t\t\t\t\t\t\t\t<span class=\"elementor-button-text\">Mehr erfahren<\/span>\n\t\t\t\t\t<\/span>\n\t\t\t\t\t<\/a>\n\t\t\t\t<\/div>\n\t\t\t\t\t\t\t\t<\/div>\n\t\t\t\t<\/div>\n\t\t\t\t\t<\/div>\n\t\t<\/div>\n\t\t\t\t<div class=\"elementor-column elementor-col-50 elementor-top-column elementor-element elementor-element-debb2e0\" data-id=\"debb2e0\" data-element_type=\"column\" data-e-type=\"column\">\n\t\t\t<div class=\"elementor-widget-wrap elementor-element-populated\">\n\t\t\t\t\t\t<section class=\"elementor-section elementor-inner-section elementor-element elementor-element-a1da611 elementor-section-height-min-height elementor-section-boxed elementor-section-height-default\" data-id=\"a1da611\" data-element_type=\"section\" data-e-type=\"section\" data-settings=\"{&quot;background_background&quot;:&quot;classic&quot;}\">\n\t\t\t\t\t\t<div class=\"elementor-container elementor-column-gap-custom\">\n\t\t\t\t\t<div class=\"elementor-column elementor-col-100 elementor-inner-column elementor-element elementor-element-c4872c9\" data-id=\"c4872c9\" data-element_type=\"column\" data-e-type=\"column\" data-settings=\"{&quot;background_background&quot;:&quot;classic&quot;}\">\n\t\t\t<div class=\"elementor-widget-wrap elementor-element-populated\">\n\t\t\t\t\t\t<div class=\"elementor-element elementor-element-a7f673c elementor-view-default elementor-widget elementor-widget-icon\" data-id=\"a7f673c\" data-element_type=\"widget\" data-e-type=\"widget\" data-widget_type=\"icon.default\">\n\t\t\t\t<div class=\"elementor-widget-container\">\n\t\t\t\t\t\t\t<div class=\"elementor-icon-wrapper\">\n\t\t\t<div class=\"elementor-icon\">\n\t\t\t<svg xmlns=\"http:\/\/www.w3.org\/2000\/svg\" width=\"80\" height=\"80\" viewBox=\"0 0 80 80\" fill=\"none\"><path d=\"M1.06067 78.5L11.0526 68.5081L1.06067 78.5Z\" fill=\"#005EA9\"><\/path><path d=\"M1.06067 78.5L11.0526 68.5081\" stroke=\"#005EA9\" stroke-width=\"3\" stroke-miterlimit=\"10\"><\/path><path d=\"M30.7069 25.0112C33.9121 25.2134 37.0495 26.0278 39.9481 27.4116L39.954 27.4155C45.347 29.9577 49.6868 34.2986 52.2264 39.6929L52.2284 39.6978C53.5219 42.4199 54.3237 45.349 54.5985 48.3501C54.5998 48.38 54.5963 48.41 54.5858 48.438C54.5744 48.4682 54.5561 48.4964 54.5331 48.519L54.5282 48.5239L54.5223 48.5288L51.1893 51.8638L51.1864 51.8667C51.1735 51.8797 51.1584 51.8909 51.1415 51.8979C51.1248 51.9048 51.1067 51.9067 51.0887 51.9067C51.0268 51.9058 50.9668 51.8854 50.9188 51.8462L50.8993 51.8306L50.5448 51.562C48.7483 50.2606 46.5804 49.5616 44.3544 49.5737C41.8099 49.5591 39.3495 50.4866 37.4471 52.1772L37.413 52.2075L37.3798 52.2407L23.3583 66.3442C22.8431 66.8617 22.2302 67.2721 21.5555 67.5513C20.8809 67.8304 20.1577 67.9732 19.4276 67.9712H19.4227L11.6366 67.9722V60.2007C11.6366 58.7106 12.2125 57.3164 13.2635 56.2593L26.5253 43.1968C26.933 42.8424 27.3497 42.4247 27.7323 41.978L27.7489 41.9585L27.7655 41.938C29.1738 40.1746 29.98 38.0112 30.0741 35.7642L30.0839 35.314C30.0837 32.768 29.1918 30.3232 27.5458 28.4458H27.5468C27.4791 28.3685 27.4641 28.2988 27.4647 28.2563C27.4653 28.2161 27.4782 28.1815 27.5116 28.1479L30.5819 25.0776L30.5887 25.0718C30.6207 25.039 30.6622 25.0182 30.7069 25.0112Z\" stroke=\"#005EA9\" stroke-width=\"3\"><\/path><path d=\"M78.0815 29.5672C77.5399 14.1977 65.4357 2.04156 50.0662 1.5\" stroke=\"#005EA9\" stroke-width=\"3\" stroke-miterlimit=\"10\" stroke-linecap=\"round\"><\/path><path d=\"M70.1257 31.316L70.1297 31.2401C70.1297 19.2378 60.3996 9.50769 48.3973 9.50769L48.3214 9.51169\" stroke=\"#005EA9\" stroke-width=\"3\" stroke-miterlimit=\"10\" stroke-linecap=\"round\"><\/path><path d=\"M62.1226 33.53C62.1585 33.1124 62.1226 32.6228 62.1226 32.1951C62.1226 30.2673 61.7428 28.3584 61.0051 26.5773C60.2674 24.7962 59.186 23.1779 57.8229 21.8147C56.4597 20.4515 54.8414 19.3702 53.0603 18.6325C51.2792 17.8947 49.3703 17.515 47.4425 17.515C47.0148 17.515 46.5252 17.479 46.1075 17.515\" stroke=\"#005EA9\" stroke-width=\"3\" stroke-miterlimit=\"10\" stroke-linecap=\"round\"><\/path><path d=\"M34.7046 46.8872L27.5184 54.0734C27.2527 54.3369 26.8935 54.4848 26.5192 54.4848C26.1449 54.4848 25.7858 54.3369 25.52 54.0734C25.2564 53.8076 25.1085 53.4485 25.1085 53.0742C25.1085 52.6999 25.2564 52.3407 25.52 52.075L32.7062 44.8888C32.9719 44.6252 33.3311 44.4773 33.7054 44.4773C34.0797 44.4773 34.4388 44.6252 34.7046 44.8888C34.9682 45.1545 35.1161 45.5137 35.1161 45.888C35.1161 46.2623 34.9682 46.6214 34.7046 46.8872Z\" fill=\"#005EA9\"><\/path><\/svg>\t\t\t<\/div>\n\t\t<\/div>\n\t\t\t\t\t\t<\/div>\n\t\t\t\t<\/div>\n\t\t\t\t\t<\/div>\n\t\t<\/div>\n\t\t\t\t\t<\/div>\n\t\t<\/section>\n\t\t\t\t<div class=\"elementor-element elementor-element-a8322cc elementor-widget elementor-widget-heading\" data-id=\"a8322cc\" data-element_type=\"widget\" data-e-type=\"widget\" data-widget_type=\"heading.default\">\n\t\t\t\t<div class=\"elementor-widget-container\">\n\t\t\t\t\t<h2 class=\"elementor-heading-title elementor-size-default\">Physiotherapeutische Technologie<\/h2>\t\t\t\t<\/div>\n\t\t\t\t<\/div>\n\t\t\t\t<div class=\"elementor-element elementor-element-6172d33 elementor-widget elementor-widget-heading\" data-id=\"6172d33\" data-element_type=\"widget\" data-e-type=\"widget\" data-widget_type=\"heading.default\">\n\t\t\t\t<div class=\"elementor-widget-container\">\n\t\t\t\t\t<h2 class=\"elementor-heading-title elementor-size-default\">Ultraschalltherapie<\/h2>\t\t\t\t<\/div>\n\t\t\t\t<\/div>\n\t\t\t\t<div class=\"elementor-element elementor-element-140ef0c elementor-widget elementor-widget-text-editor\" data-id=\"140ef0c\" data-element_type=\"widget\" data-e-type=\"widget\" data-widget_type=\"text-editor.default\">\n\t\t\t\t<div class=\"elementor-widget-container\">\n\t\t\t\t\t\t\t\t\t<p>Das SQOOM\u00ae medical Ultraschallsystem wird extern auf intakten Hautoberfl\u00e4chen angewendet, um bestimmte Entz\u00fcndungen zu lindern, durch Verspannungen verursachte Schmerzen zu lindern, Wunden zu heilen (auf intakter Haut bis zum Wundrand, was zu Geweberegeneration f\u00fchrt), die Durchblutung der Haut zu f\u00f6rdern und die Heilung von Frakturen zu unterst\u00fctzen.<\/p>\t\t\t\t\t\t\t\t<\/div>\n\t\t\t\t<\/div>\n\t\t\t\t<div class=\"elementor-element elementor-element-8c7a15f elementor-align-center elementor-mobile-align-justify elementor-widget elementor-widget-button\" data-id=\"8c7a15f\" data-element_type=\"widget\" data-e-type=\"widget\" data-widget_type=\"button.default\">\n\t\t\t\t<div class=\"elementor-widget-container\">\n\t\t\t\t\t\t\t\t\t<div class=\"elementor-button-wrapper\">\n\t\t\t\t\t<a class=\"elementor-button elementor-button-link elementor-size-sm\" href=\"#\">\n\t\t\t\t\t\t<span class=\"elementor-button-content-wrapper\">\n\t\t\t\t\t\t\t\t\t<span class=\"elementor-button-text\">Mehr erfahren<\/span>\n\t\t\t\t\t<\/span>\n\t\t\t\t\t<\/a>\n\t\t\t\t<\/div>\n\t\t\t\t\t\t\t\t<\/div>\n\t\t\t\t<\/div>\n\t\t\t\t\t<\/div>\n\t\t<\/div>\n\t\t\t\t\t<\/div>\n\t\t<\/section>\n\t\t\t\t<\/div>\n\t\t","protected":false},"excerpt":{"rendered":"<p>\u00dcber uns Fortschritt ist unsere Aufgabe, die Entwicklung leistungsstarker Innovationen in der Medizintechnik unser Weg, h\u00f6chste Qualit\u00e4t unser Anspruch. Gesundheit ist ein wertvolles Gut \u2013 und wir m\u00f6chten unseren Beitrag dazu leisten.Wir haben es uns zur Aufgabe gemacht, die neuesten wissenschaftlichen Erkenntnisse in Medizin und Bionik f\u00fcr Sie und Ihre Gesundheit nutzbar zu machen.Wir sind [&hellip;]<\/p>\n","protected":false},"author":1,"featured_media":0,"parent":0,"menu_order":0,"comment_status":"closed","ping_status":"closed","template":"elementor_header_footer","meta":{"footnotes":""},"class_list":["post-2804","page","type-page","status-publish","hentry"],"_links":{"self":[{"href":"https:\/\/bionmed.de\/de\/wp-json\/wp\/v2\/pages\/2804","targetHints":{"allow":["GET"]}}],"collection":[{"href":"https:\/\/bionmed.de\/de\/wp-json\/wp\/v2\/pages"}],"about":[{"href":"https:\/\/bionmed.de\/de\/wp-json\/wp\/v2\/types\/page"}],"author":[{"embeddable":true,"href":"https:\/\/bionmed.de\/de\/wp-json\/wp\/v2\/users\/1"}],"replies":[{"embeddable":true,"href":"https:\/\/bionmed.de\/de\/wp-json\/wp\/v2\/comments?post=2804"}],"version-history":[{"count":3,"href":"https:\/\/bionmed.de\/de\/wp-json\/wp\/v2\/pages\/2804\/revisions"}],"predecessor-version":[{"id":2811,"href":"https:\/\/bionmed.de\/de\/wp-json\/wp\/v2\/pages\/2804\/revisions\/2811"}],"wp:attachment":[{"href":"https:\/\/bionmed.de\/de\/wp-json\/wp\/v2\/media?parent=2804"}],"curies":[{"name":"wp","href":"https:\/\/api.w.org\/{rel}","templated":true}]}}